{"id":480,"date":"2018-06-26T13:52:09","date_gmt":"2018-06-26T13:52:09","guid":{"rendered":"https:\/\/projet-eva.org\/?page_id=480"},"modified":"2023-12-01T13:50:20","modified_gmt":"2023-12-01T13:50:20","slug":"about","status":"publish","type":"page","link":"https:\/\/projet-eva.org\/en\/about\/","title":{"rendered":"About"},"content":{"rendered":"<div class=\"wpb-content-wrapper\"><p>[vc_row css_animation=&#8221;&#8221; row_type=&#8221;row&#8221; use_row_as_full_screen_section=&#8221;no&#8221; type=&#8221;grid&#8221; angled_section=&#8221;no&#8221; text_align=&#8221;left&#8221; background_image_as_pattern=&#8221;without_pattern&#8221; z_index=&#8221;&#8221;][vc_column][vc_empty_space height=&#8221;110px&#8221;][\/vc_column][\/vc_row][vc_row css_animation=&#8221;&#8221; row_type=&#8221;row&#8221; use_row_as_full_screen_section=&#8221;no&#8221; type=&#8221;grid&#8221; angled_section=&#8221;no&#8221; text_align=&#8221;left&#8221; background_image_as_pattern=&#8221;without_pattern&#8221; z_index=&#8221;&#8221;][vc_column width=&#8221;5\/12&#8243;][vc_column_text]<\/p>\n<h1>Projet EVA is a collective that produces new media artworks since 2003.<\/h1>\n<p>[\/vc_column_text][vc_empty_space height=&#8221;50px&#8221;]<div class='testimonials_holder clearfix light'><div class=\"testimonials testimonials_carousel\" data-show-navigation=\"yes\" data-animation-type=\"fade\" data-animation-speed=\"\" data-auto-rotate-slides=\"10\" data-number-per-slide=\"1\"><ul class=\"slides\"><li id=\"testimonials221\" class=\"testimonial_content\"><div class=\"testimonial_content_inner\"><div class=\"testimonial_text_holder\"><div class=\"testimonial_text_inner\" style=\"\"><p >\u201cProjet EVA, formed by \u00c9tienne Grenier and Simon Laroche, is an artist duo from Montr\u00e9al\r\nwho work with the audience\u2019s discomfort almost as if it was a material in itself.\u201d<\/p><p class=\"testimonial_author\" style=\"\">Nathalie Bachand - DOTS Digital Arts Magazine<\/p><\/div><\/div><\/div><\/li><\/ul><\/div><\/div>[vc_empty_space height=&#8221;50px&#8221;][vc_column_text el_class=&#8221;dateprojet&#8221;]Made up of Simon Laroche and \u00c9tienne Grenier, both artists, interactive media designers and teachers, Projet EVA is a collective that has been producing installations and performances in digital arts worldwide since 2003.<\/p>\n<p>Projet EVA artworks explore relations established between humans, their \u00a0environment and its mediation through technological systems.\u00a0The collective focuses mainly on the subtractive effects of technology and media on the human experience, as well as on how the virtual world is increasingly woven into the urban and social landscape, encroaching on physical reality.\u00a0Underneath the collective\u2019s custom made applications, robots and assorted machines lies an inquiry into how technology impacts on the construction of our social and psychological realities as well as our living environment.<\/p>\n<p>Projet EVA was born out of a desire to create critical, experimental and transgressive works.[\/vc_column_text][vc_empty_space height=&#8221;45px&#8221;][vc_column_text]<img loading=\"lazy\" decoding=\"async\" class=\"alignnone wp-image-168\" src=\"https:\/\/projet-eva.org\/wp-content\/uploads\/2018\/05\/logo-cam-montreal.png\" alt=\"\" width=\"165\" height=\"79\" srcset=\"https:\/\/projet-eva.org\/wp-content\/uploads\/2018\/05\/logo-cam-montreal.png 340w, https:\/\/projet-eva.org\/wp-content\/uploads\/2018\/05\/logo-cam-montreal-300x144.png 300w\" sizes=\"auto, (max-width: 165px) 100vw, 165px\" \/>[\/vc_column_text][vc_empty_space height=&#8221;64px&#8221;][\/vc_column][vc_column width=&#8221;2\/12&#8243;][\/vc_column][vc_column width=&#8221;5\/12&#8243;][vc_single_image image=&#8221;453&#8243; img_size=&#8221;full&#8221; qode_css_animation=&#8221;element_from_fade&#8221;][vc_column_text]<\/p>\n<h6 style=\"text-align: right;\">\u00a9Philippe Gagnon<\/h6>\n<p>[\/vc_column_text][vc_empty_space height=&#8221;50px&#8221;][vc_raw_js]JTNDc2NyaXB0JTIwdHlwZSUzRCUyMnRleHQlMkZqYXZhc2NyaXB0JTIyJTNFJTBBZnVuY3Rpb24lMjBjcnlwdG0lMjhtJTJDJTIwbyUyQyUyMG4lMjklMjAlN0IlMEElMjAlMjAlMjBpZiUyMCUyOCUyMWRvY3VtZW50LndyaXRlJTI5JTIwcmV0dXJuJTIwZmFsc2UlM0IlMEElMjAlMjAlMjBpZiUyMCUyOGRvY3VtZW50LndyaXRlJTI5JTIwJTdCJTBBJTIwJTIwJTIwJTIwJTIwJTIwdmFyJTIwbSUzQiUyMHZhciUyMG8lM0IlMjB2YXIlMjBuJTNCJTBBJTIwJTIwJTIwJTIwJTIwJTIwZG9jdW1lbnQud3JpdGUlMjglMjclM0NhJTIwaHJlZiUzRCUyMiUyNyUyMCUyQiUyMCUyN21haWx0byUzQSUyNyUyMCUyQiUyMG0lMjAlMkIlMjAlMjclNDAlMjclMjAlMkIlMjBvJTIwJTJCJTIwJTI3LiUyNyUyMCUyQiUyMG4lMjAlMkIlMjAlMjclMjIlM0UlMjclMjAlMkIlMjBtJTIwJTJCJTIwJTI3JTQwJTI3JTIwJTJCJTIwbyUyMCUyQiUyMCUyNy4lMjclMjAlMkIlMjBuJTIwJTJCJTIwJTI3JTNDJTVDJTJGYSUzRSUyNyUyOSUzQiUwQSUyMCUyMCUyMCU3RCUwQSU3RCUwQSUzQyUyRnNjcmlwdCUzRQ==[\/vc_raw_js][vc_column_text]<\/p>\n<h3>team<\/h3>\n<p>[\/vc_column_text][vc_empty_space height=&#8221;16px&#8221;][vc_raw_js]JTNDc3Ryb25nJTNFJUMzJTg5dGllbm5lJTIwR3JlbmllciUzQyUyRnN0cm9uZyUzRSUzQ2JyJTIwJTJGJTNFQXJ0aXN0JTIwYW5kJTIwY28tZm91bmRlciUzQ2JyJTIwJTJGJTNFJTNDc2NyaXB0JTIwdHlwZSUzRCUyMnRleHQlMkZqYXZhc2NyaXB0JTIyJTNFJTBBY3J5cHRtJTI4JTIyaW5mbyUyMiUyQyUyMCUyMnByb2pldC1ldmElMjIlMkMlMjAlMjJvcmclMjIlMjklM0IlMEElM0MlMkZzY3JpcHQlM0U=[\/vc_raw_js][vc_accordion active_tab=&#8221;false&#8221; collapsible=&#8221;yes&#8221; style=&#8221;toggle&#8221; el_class=&#8221;accordeonbio&#8221;][vc_accordion_tab title=&#8221;bio&#8221; title_tag=&#8221;h5&#8243;][vc_column_text]<strong>Etienne Grenier<\/strong> is an artist working in the field of digital culture. He has taught audiovisual interaction design for many years at Universit\u00e9 du Qu\u00e9bec \u00e0 Montr\u00e9al. He has collaborated as a designer with architecture and communication firms, dance and theatre companies and video producers.[\/vc_column_text][\/vc_accordion_tab][\/vc_accordion][vc_raw_js]JTNDc3Ryb25nJTNFU2ltb24lMjBMYXJvY2hlJTNDJTJGc3Ryb25nJTNFJTNDYnIlMjAlMkYlM0VBcnRpc3QlMjBhbmQlMjBjby1mb3VuZGVyJTNDYnIlMjAlMkYlM0UlMjAlM0NzY3JpcHQlMjB0eXBlJTNEJTIydGV4dCUyRmphdmFzY3JpcHQlMjIlM0UlMEFjcnlwdG0lMjglMjJpbmZvJTIyJTJDJTIwJTIycHJvamV0LWV2YSUyMiUyQyUyMCUyMm9yZyUyMiUyOSUzQiUwQSUzQyUyRnNjcmlwdCUzRQ==[\/vc_raw_js][vc_accordion active_tab=&#8221;false&#8221; collapsible=&#8221;yes&#8221; style=&#8221;toggle&#8221; el_class=&#8221;accordeonbio&#8221;][vc_accordion_tab title=&#8221;bio&#8221; title_tag=&#8221;h5&#8243;][vc_column_text]<strong>Simon Laroche<\/strong> is an artist and interaction designer. He teaches Electronic Arts at Concordia University and collaborates on theatre, fashion design, dance and cinema productions.[\/vc_column_text][\/vc_accordion_tab][\/vc_accordion][vc_raw_js][\/vc_raw_js][vc_empty_space height=&#8221;50px&#8221;][vc_column_text]<\/p>\n<h4><b>board members<\/b><\/h4>\n<p>[\/vc_column_text][vc_empty_space height=&#8221;16px&#8221;][vc_column_text]<strong>Julia Frainier<\/strong><br \/>\nHead of Brand Image, Promotion and Digital Communications at the Montreal Museum of Fine Arts<\/p>\n<p><strong>David Lemieux<br \/>\n<\/strong>Business development consultant in creative technologies<\/p>\n<div><strong>Martin Granger<\/strong><\/div>\n<div>Co-founder VYV<\/div>\n<p>[\/vc_column_text][vc_empty_space height=&#8221;64px&#8221;][\/vc_column][\/vc_row][vc_row css_animation=&#8221;&#8221; row_type=&#8221;row&#8221; use_row_as_full_screen_section=&#8221;no&#8221; type=&#8221;grid&#8221; angled_section=&#8221;no&#8221; text_align=&#8221;left&#8221; background_image_as_pattern=&#8221;without_pattern&#8221; z_index=&#8221;&#8221;][vc_column][vc_empty_space height=&#8221;60px&#8221;][\/vc_column][\/vc_row]<\/p>\n<\/div>","protected":false},"excerpt":{"rendered":"<p>[vc_row css_animation=&#8221;&#8221; row_type=&#8221;row&#8221; use_row_as_full_screen_section=&#8221;no&#8221; type=&#8221;grid&#8221; angled_section=&#8221;no&#8221; text_align=&#8221;left&#8221; background_image_as_pattern=&#8221;without_pattern&#8221; z_index=&#8221;&#8221;][vc_column][vc_empty_space height=&#8221;110px&#8221;][\/vc_column][\/vc_row][vc_row css_animation=&#8221;&#8221; row_type=&#8221;row&#8221; use_row_as_full_screen_section=&#8221;no&#8221; type=&#8221;grid&#8221; angled_section=&#8221;no&#8221; text_align=&#8221;left&#8221; background_image_as_pattern=&#8221;without_pattern&#8221; z_index=&#8221;&#8221;][vc_column width=&#8221;5\/12&#8243;][vc_column_text] Projet EVA is a collective that produces new media artworks since 2003. [\/vc_column_text][vc_empty_space height=&#8221;50px&#8221;][vc_empty_space height=&#8221;50px&#8221;][vc_column_text el_class=&#8221;dateprojet&#8221;]Made up of Simon Laroche and \u00c9tienne Grenier, both artists, interactive&#8230;<\/p>\n","protected":false},"author":1,"featured_media":0,"parent":0,"menu_order":0,"comment_status":"closed","ping_status":"closed","template":"","meta":{"footnotes":""},"class_list":["post-480","page","type-page","status-publish","hentry"],"yoast_head":"<!-- This site is optimized with the Yoast SEO plugin v27.0 - https:\/\/yoast.com\/product\/yoast-seo-wordpress\/ -->\n<title>About - Projet EVA<\/title>\n<meta name=\"robots\" content=\"index, follow, max-snippet:-1, max-image-preview:large, max-video-preview:-1\" \/>\n<link rel=\"canonical\" href=\"https:\/\/projet-eva.org\/en\/about\/\" \/>\n<meta property=\"og:locale\" content=\"en_US\" \/>\n<meta property=\"og:type\" content=\"article\" \/>\n<meta property=\"og:title\" content=\"About - Projet EVA\" \/>\n<meta property=\"og:description\" content=\"[vc_row css_animation=&#8221;&#8221; row_type=&#8221;row&#8221; use_row_as_full_screen_section=&#8221;no&#8221; type=&#8221;grid&#8221; angled_section=&#8221;no&#8221; text_align=&#8221;left&#8221; background_image_as_pattern=&#8221;without_pattern&#8221; z_index=&#8221;&#8221;][vc_column][vc_empty_space height=&#8221;110px&#8221;][\/vc_column][\/vc_row][vc_row css_animation=&#8221;&#8221; row_type=&#8221;row&#8221; use_row_as_full_screen_section=&#8221;no&#8221; type=&#8221;grid&#8221; angled_section=&#8221;no&#8221; text_align=&#8221;left&#8221; background_image_as_pattern=&#8221;without_pattern&#8221; z_index=&#8221;&#8221;][vc_column width=&#8221;5\/12&#8243;][vc_column_text] Projet EVA is a collective that produces new media artworks since 2003. [\/vc_column_text][vc_empty_space height=&#8221;50px&#8221;][vc_empty_space height=&#8221;50px&#8221;][vc_column_text el_class=&#8221;dateprojet&#8221;]Made up of Simon Laroche and \u00c9tienne Grenier, both artists, interactive...\" \/>\n<meta property=\"og:url\" content=\"https:\/\/projet-eva.org\/en\/about\/\" \/>\n<meta property=\"og:site_name\" content=\"Projet EVA\" \/>\n<meta property=\"article:publisher\" content=\"https:\/\/www.facebook.com\/projeteva\/\" \/>\n<meta property=\"article:modified_time\" content=\"2023-12-01T13:50:20+00:00\" \/>\n<meta property=\"og:image\" content=\"https:\/\/projet-eva.org\/wp-content\/uploads\/2018\/05\/logo-cam-montreal.png\" \/>\n<meta name=\"twitter:card\" content=\"summary_large_image\" \/>\n<meta name=\"twitter:label1\" content=\"Est. reading time\" \/>\n\t<meta name=\"twitter:data1\" content=\"2 minutes\" \/>\n<script type=\"application\/ld+json\" class=\"yoast-schema-graph\">{\"@context\":\"https:\/\/schema.org\",\"@graph\":[{\"@type\":\"WebPage\",\"@id\":\"https:\/\/projet-eva.org\/en\/about\/\",\"url\":\"https:\/\/projet-eva.org\/en\/about\/\",\"name\":\"About - Projet EVA\",\"isPartOf\":{\"@id\":\"https:\/\/projet-eva.org\/#website\"},\"primaryImageOfPage\":{\"@id\":\"https:\/\/projet-eva.org\/en\/about\/#primaryimage\"},\"image\":{\"@id\":\"https:\/\/projet-eva.org\/en\/about\/#primaryimage\"},\"thumbnailUrl\":\"https:\/\/projet-eva.org\/wp-content\/uploads\/2018\/05\/logo-cam-montreal.png\",\"datePublished\":\"2018-06-26T13:52:09+00:00\",\"dateModified\":\"2023-12-01T13:50:20+00:00\",\"breadcrumb\":{\"@id\":\"https:\/\/projet-eva.org\/en\/about\/#breadcrumb\"},\"inLanguage\":\"en-US\",\"potentialAction\":[{\"@type\":\"ReadAction\",\"target\":[\"https:\/\/projet-eva.org\/en\/about\/\"]}]},{\"@type\":\"ImageObject\",\"inLanguage\":\"en-US\",\"@id\":\"https:\/\/projet-eva.org\/en\/about\/#primaryimage\",\"url\":\"https:\/\/projet-eva.org\/wp-content\/uploads\/2018\/05\/logo-cam-montreal.png\",\"contentUrl\":\"https:\/\/projet-eva.org\/wp-content\/uploads\/2018\/05\/logo-cam-montreal.png\"},{\"@type\":\"BreadcrumbList\",\"@id\":\"https:\/\/projet-eva.org\/en\/about\/#breadcrumb\",\"itemListElement\":[{\"@type\":\"ListItem\",\"position\":1,\"name\":\"Accueil\",\"item\":\"https:\/\/projet-eva.org\/en\/\"},{\"@type\":\"ListItem\",\"position\":2,\"name\":\"About\"}]},{\"@type\":\"WebSite\",\"@id\":\"https:\/\/projet-eva.org\/#website\",\"url\":\"https:\/\/projet-eva.org\/\",\"name\":\"Projet EVA\",\"description\":\"digital art\",\"publisher\":{\"@id\":\"https:\/\/projet-eva.org\/#organization\"},\"potentialAction\":[{\"@type\":\"SearchAction\",\"target\":{\"@type\":\"EntryPoint\",\"urlTemplate\":\"https:\/\/projet-eva.org\/?s={search_term_string}\"},\"query-input\":{\"@type\":\"PropertyValueSpecification\",\"valueRequired\":true,\"valueName\":\"search_term_string\"}}],\"inLanguage\":\"en-US\"},{\"@type\":\"Organization\",\"@id\":\"https:\/\/projet-eva.org\/#organization\",\"name\":\"Projet EVA\",\"url\":\"https:\/\/projet-eva.org\/\",\"logo\":{\"@type\":\"ImageObject\",\"inLanguage\":\"en-US\",\"@id\":\"https:\/\/projet-eva.org\/#\/schema\/logo\/image\/\",\"url\":\"https:\/\/projet-eva.org\/wp-content\/uploads\/2018\/05\/eva_logo_navicon.png\",\"contentUrl\":\"https:\/\/projet-eva.org\/wp-content\/uploads\/2018\/05\/eva_logo_navicon.png\",\"width\":500,\"height\":500,\"caption\":\"Projet EVA\"},\"image\":{\"@id\":\"https:\/\/projet-eva.org\/#\/schema\/logo\/image\/\"},\"sameAs\":[\"https:\/\/www.facebook.com\/projeteva\/\",\"https:\/\/www.instagram.com\/projeteva\/\"]}]}<\/script>\n<!-- \/ Yoast SEO plugin. -->","yoast_head_json":{"title":"About - Projet EVA","robots":{"index":"index","follow":"follow","max-snippet":"max-snippet:-1","max-image-preview":"max-image-preview:large","max-video-preview":"max-video-preview:-1"},"canonical":"https:\/\/projet-eva.org\/en\/about\/","og_locale":"en_US","og_type":"article","og_title":"About - Projet EVA","og_description":"[vc_row css_animation=&#8221;&#8221; row_type=&#8221;row&#8221; use_row_as_full_screen_section=&#8221;no&#8221; type=&#8221;grid&#8221; angled_section=&#8221;no&#8221; text_align=&#8221;left&#8221; background_image_as_pattern=&#8221;without_pattern&#8221; z_index=&#8221;&#8221;][vc_column][vc_empty_space height=&#8221;110px&#8221;][\/vc_column][\/vc_row][vc_row css_animation=&#8221;&#8221; row_type=&#8221;row&#8221; use_row_as_full_screen_section=&#8221;no&#8221; type=&#8221;grid&#8221; angled_section=&#8221;no&#8221; text_align=&#8221;left&#8221; background_image_as_pattern=&#8221;without_pattern&#8221; z_index=&#8221;&#8221;][vc_column width=&#8221;5\/12&#8243;][vc_column_text] Projet EVA is a collective that produces new media artworks since 2003. [\/vc_column_text][vc_empty_space height=&#8221;50px&#8221;][vc_empty_space height=&#8221;50px&#8221;][vc_column_text el_class=&#8221;dateprojet&#8221;]Made up of Simon Laroche and \u00c9tienne Grenier, both artists, interactive...","og_url":"https:\/\/projet-eva.org\/en\/about\/","og_site_name":"Projet EVA","article_publisher":"https:\/\/www.facebook.com\/projeteva\/","article_modified_time":"2023-12-01T13:50:20+00:00","og_image":[{"url":"https:\/\/projet-eva.org\/wp-content\/uploads\/2018\/05\/logo-cam-montreal.png","type":"","width":"","height":""}],"twitter_card":"summary_large_image","twitter_misc":{"Est. reading time":"2 minutes"},"schema":{"@context":"https:\/\/schema.org","@graph":[{"@type":"WebPage","@id":"https:\/\/projet-eva.org\/en\/about\/","url":"https:\/\/projet-eva.org\/en\/about\/","name":"About - Projet EVA","isPartOf":{"@id":"https:\/\/projet-eva.org\/#website"},"primaryImageOfPage":{"@id":"https:\/\/projet-eva.org\/en\/about\/#primaryimage"},"image":{"@id":"https:\/\/projet-eva.org\/en\/about\/#primaryimage"},"thumbnailUrl":"https:\/\/projet-eva.org\/wp-content\/uploads\/2018\/05\/logo-cam-montreal.png","datePublished":"2018-06-26T13:52:09+00:00","dateModified":"2023-12-01T13:50:20+00:00","breadcrumb":{"@id":"https:\/\/projet-eva.org\/en\/about\/#breadcrumb"},"inLanguage":"en-US","potentialAction":[{"@type":"ReadAction","target":["https:\/\/projet-eva.org\/en\/about\/"]}]},{"@type":"ImageObject","inLanguage":"en-US","@id":"https:\/\/projet-eva.org\/en\/about\/#primaryimage","url":"https:\/\/projet-eva.org\/wp-content\/uploads\/2018\/05\/logo-cam-montreal.png","contentUrl":"https:\/\/projet-eva.org\/wp-content\/uploads\/2018\/05\/logo-cam-montreal.png"},{"@type":"BreadcrumbList","@id":"https:\/\/projet-eva.org\/en\/about\/#breadcrumb","itemListElement":[{"@type":"ListItem","position":1,"name":"Accueil","item":"https:\/\/projet-eva.org\/en\/"},{"@type":"ListItem","position":2,"name":"About"}]},{"@type":"WebSite","@id":"https:\/\/projet-eva.org\/#website","url":"https:\/\/projet-eva.org\/","name":"Projet EVA","description":"digital art","publisher":{"@id":"https:\/\/projet-eva.org\/#organization"},"potentialAction":[{"@type":"SearchAction","target":{"@type":"EntryPoint","urlTemplate":"https:\/\/projet-eva.org\/?s={search_term_string}"},"query-input":{"@type":"PropertyValueSpecification","valueRequired":true,"valueName":"search_term_string"}}],"inLanguage":"en-US"},{"@type":"Organization","@id":"https:\/\/projet-eva.org\/#organization","name":"Projet EVA","url":"https:\/\/projet-eva.org\/","logo":{"@type":"ImageObject","inLanguage":"en-US","@id":"https:\/\/projet-eva.org\/#\/schema\/logo\/image\/","url":"https:\/\/projet-eva.org\/wp-content\/uploads\/2018\/05\/eva_logo_navicon.png","contentUrl":"https:\/\/projet-eva.org\/wp-content\/uploads\/2018\/05\/eva_logo_navicon.png","width":500,"height":500,"caption":"Projet EVA"},"image":{"@id":"https:\/\/projet-eva.org\/#\/schema\/logo\/image\/"},"sameAs":["https:\/\/www.facebook.com\/projeteva\/","https:\/\/www.instagram.com\/projeteva\/"]}]}},"_links":{"self":[{"href":"https:\/\/projet-eva.org\/en\/wp-json\/wp\/v2\/pages\/480","targetHints":{"allow":["GET"]}}],"collection":[{"href":"https:\/\/projet-eva.org\/en\/wp-json\/wp\/v2\/pages"}],"about":[{"href":"https:\/\/projet-eva.org\/en\/wp-json\/wp\/v2\/types\/page"}],"author":[{"embeddable":true,"href":"https:\/\/projet-eva.org\/en\/wp-json\/wp\/v2\/users\/1"}],"replies":[{"embeddable":true,"href":"https:\/\/projet-eva.org\/en\/wp-json\/wp\/v2\/comments?post=480"}],"version-history":[{"count":0,"href":"https:\/\/projet-eva.org\/en\/wp-json\/wp\/v2\/pages\/480\/revisions"}],"wp:attachment":[{"href":"https:\/\/projet-eva.org\/en\/wp-json\/wp\/v2\/media?parent=480"}],"curies":[{"name":"wp","href":"https:\/\/api.w.org\/{rel}","templated":true}]}}